{"id":9,"date":"2020-06-18T11:21:47","date_gmt":"2020-06-18T11:21:47","guid":{"rendered":"https:\/\/ie.sdu.dk\/?page_id=9"},"modified":"2023-03-27T08:55:49","modified_gmt":"2023-03-27T08:55:49","slug":"about","status":"publish","type":"page","link":"https:\/\/ie.sdu.dk\/index.php\/about\/","title":{"rendered":"About us"},"content":{"rendered":"\n<p><strong>Steering committee<\/strong>: The network has a steering committee which serves as unit facilitating activities, online collaborative facilities, and announcements for the network activities. The steering committee representatives are VIP from various faculties and representatives from SDUUP and SDU RIO. Every member of the network can give input to ideas, activities as well as adjustment of this paper and the steering committee will respond to it.&nbsp;&nbsp;<\/p>\n\n\n\n<p><strong>Steering Committee:<\/strong><br>SDU RIO<br>Martin Senderowitz, Faculty for Social science<br>Steffen Kj\u00e6r Johansen, Technical Faculty<br>Cita N\u00f8rg\u00e5rd, SDU Center for Teaching and Learning<br><\/p>\n\n\n\n<figure class=\"wp-block-image size-large is-resized\"><a href=\"https:\/\/www.sdu.dk\/da\/samarbejde\/startups_og_spinouts\/startup+univers\/kontakt+sdu+entrepreneurship+labs\"><img loading=\"lazy\" decoding=\"async\" src=\"https:\/\/ie.sdu.dk\/wp-content\/uploads\/2020\/06\/entrepreneurship-lbs.png\" alt=\"\" class=\"wp-image-246\" width=\"365\" height=\"159\" srcset=\"https:\/\/ie.sdu.dk\/wp-content\/uploads\/2020\/06\/entrepreneurship-lbs.png 589w, https:\/\/ie.sdu.dk\/wp-content\/uploads\/2020\/06\/entrepreneurship-lbs-300x130.png 300w\" sizes=\"auto, (max-width: 365px) 85vw, 365px\" \/><\/a><figcaption class=\"wp-element-caption\"><a href=\"https:\/\/www.sdu.dk\/da\/samarbejde\/startups_og_spinouts\/startup+univers\/kontakt+sdu+entrepreneurship+labs\" target=\"_blank\" rel=\"noreferrer noopener\">https:\/\/www.sdu.dk\/da\/samarbejde\/startups_og_spinouts\/startup+univers\/kontakt+sdu+entrepreneurship+labs<\/a><\/figcaption><\/figure>\n\n\n\n<figure class=\"wp-block-image size-large is-resized\"><a href=\"https:\/\/www.sdu.dk\/en\/sduup\"><img loading=\"lazy\" decoding=\"async\" src=\"https:\/\/ie.sdu.dk\/wp-content\/uploads\/2020\/06\/sduup.png\" alt=\"\" class=\"wp-image-247\" width=\"369\" height=\"145\" srcset=\"https:\/\/ie.sdu.dk\/wp-content\/uploads\/2020\/06\/sduup.png 568w, https:\/\/ie.sdu.dk\/wp-content\/uploads\/2020\/06\/sduup-300x118.png 300w\" sizes=\"auto, (max-width: 369px) 85vw, 369px\" \/><\/a><figcaption class=\"wp-element-caption\"><a href=\"https:\/\/www.sdu.dk\/en\/sduup\" target=\"_blank\" rel=\"noreferrer noopener\">https:\/\/www.sdu.dk\/en\/sduup<\/a><\/figcaption><\/figure>\n","protected":false},"excerpt":{"rendered":"<p>Steering committee: The network has a steering committee which serves as unit facilitating activities, online collaborative facilities, and announcements for the network activities. The steering committee representatives are VIP from various faculties and representatives from SDUUP and SDU RIO. Every member of the network can give input to ideas, activities as well as adjustment of &hellip; <a href=\"https:\/\/ie.sdu.dk\/index.php\/about\/\" class=\"more-link\">Continue reading<span class=\"screen-reader-text\"> &#8220;About us&#8221;<\/span><\/a><\/p>\n","protected":false},"author":2,"featured_media":0,"parent":0,"menu_order":0,"comment_status":"closed","ping_status":"closed","template":"","meta":{"footnotes":""},"class_list":["post-9","page","type-page","status-publish","hentry"],"_links":{"self":[{"href":"https:\/\/ie.sdu.dk\/index.php\/wp-json\/wp\/v2\/pages\/9","targetHints":{"allow":["GET"]}}],"collection":[{"href":"https:\/\/ie.sdu.dk\/index.php\/wp-json\/wp\/v2\/pages"}],"about":[{"href":"https:\/\/ie.sdu.dk\/index.php\/wp-json\/wp\/v2\/types\/page"}],"author":[{"embeddable":true,"href":"https:\/\/ie.sdu.dk\/index.php\/wp-json\/wp\/v2\/users\/2"}],"replies":[{"embeddable":true,"href":"https:\/\/ie.sdu.dk\/index.php\/wp-json\/wp\/v2\/comments?post=9"}],"version-history":[{"count":13,"href":"https:\/\/ie.sdu.dk\/index.php\/wp-json\/wp\/v2\/pages\/9\/revisions"}],"predecessor-version":[{"id":885,"href":"https:\/\/ie.sdu.dk\/index.php\/wp-json\/wp\/v2\/pages\/9\/revisions\/885"}],"wp:attachment":[{"href":"https:\/\/ie.sdu.dk\/index.php\/wp-json\/wp\/v2\/media?parent=9"}],"curies":[{"name":"wp","href":"https:\/\/api.w.org\/{rel}","templated":true}]}}