{"id":369,"date":"2020-07-10T14:58:25","date_gmt":"2020-07-10T14:58:25","guid":{"rendered":"https:\/\/ie.sdu.dk\/?page_id=369"},"modified":"2020-08-04T09:05:50","modified_gmt":"2020-08-04T09:05:50","slug":"financing","status":"publish","type":"page","link":"https:\/\/ie.sdu.dk\/index.php\/videos-explaining-ie\/financing\/","title":{"rendered":"Financing"},"content":{"rendered":"\n<p>v. Thomas Bernhard Kj\u00e6rgaard<\/p>\n\n\n\n<figure><iframe loading=\"lazy\" src=\"https:\/\/d38ynedpfya4s8.cloudfront.net\/p\/282\/sp\/28200\/embedIframeJs\/uiconf_id\/23450462\/partner_id\/282?iframeembed=true&amp;playerId=kaltura_player&amp;entry_id=0_il0d9y6f&amp;flashvars[streamerType]=auto&amp;flashvars[localizationCode]=en&amp;flashvars[leadWithHTML5]=true&amp;flashvars[sideBarContainer.plugin]=true&amp;flashvars[sideBarContainer.position]=left&amp;flashvars[sideBarContainer.clickToClose]=true&amp;flashvars[chapters.plugin]=true&amp;flashvars[chapters.layout]=vertical&amp;flashvars[chapters.thumbnailRotator]=false&amp;flashvars[streamSelector.plugin]=true&amp;flashvars[EmbedPlayer.SpinnerTarget]=videoHolder&amp;flashvars[dualScreen.plugin]=true&amp;flashvars[Kaltura.addCrossoriginToIframe]=true&amp;&amp;wid=0_35kxidng\" width=\"400\" height=\"285\" allowfullscreen=\"\"><\/iframe><\/figure>\n\n\n\n<p>Har du brug for funding &#8211; eller kan du undv\u00e6re den?<\/p>\n\n\n\n<figure><iframe loading=\"lazy\" src=\"https:\/\/d38ynedpfya4s8.cloudfront.net\/p\/282\/sp\/28200\/embedIframeJs\/uiconf_id\/23450462\/partner_id\/282?iframeembed=true&amp;playerId=kaltura_player&amp;entry_id=0_8xub1v3r&amp;flashvars[streamerType]=auto&amp;flashvars[localizationCode]=en&amp;flashvars[leadWithHTML5]=true&amp;flashvars[sideBarContainer.plugin]=true&amp;flashvars[sideBarContainer.position]=left&amp;flashvars[sideBarContainer.clickToClose]=true&amp;flashvars[chapters.plugin]=true&amp;flashvars[chapters.layout]=vertical&amp;flashvars[chapters.thumbnailRotator]=false&amp;flashvars[streamSelector.plugin]=true&amp;flashvars[EmbedPlayer.SpinnerTarget]=videoHolder&amp;flashvars[dualScreen.plugin]=true&amp;flashvars[Kaltura.addCrossoriginToIframe]=true&amp;&amp;wid=0_hknh6zkm\" width=\"400\" height=\"285\" allowfullscreen=\"\"><\/iframe><\/figure>\n\n\n\n<p>S\u00e5dan beregner du din risk-reward profil<\/p>\n\n\n\n<figure><iframe loading=\"lazy\" src=\"https:\/\/d38ynedpfya4s8.cloudfront.net\/p\/282\/sp\/28200\/embedIframeJs\/uiconf_id\/23450462\/partner_id\/282?iframeembed=true&amp;playerId=kaltura_player&amp;entry_id=0_uyia4bcx&amp;flashvars[streamerType]=auto&amp;flashvars[localizationCode]=en&amp;flashvars[leadWithHTML5]=true&amp;flashvars[sideBarContainer.plugin]=true&amp;flashvars[sideBarContainer.position]=left&amp;flashvars[sideBarContainer.clickToClose]=true&amp;flashvars[chapters.plugin]=true&amp;flashvars[chapters.layout]=vertical&amp;flashvars[chapters.thumbnailRotator]=false&amp;flashvars[streamSelector.plugin]=true&amp;flashvars[EmbedPlayer.SpinnerTarget]=videoHolder&amp;flashvars[dualScreen.plugin]=true&amp;flashvars[Kaltura.addCrossoriginToIframe]=true&amp;&amp;wid=0_3ose8isl\" width=\"400\" height=\"285\" allowfullscreen=\"\"><\/iframe><\/figure>\n\n\n\n<p>Hvor og hvorn\u00e5r s\u00f8ger du financiering<\/p>\n\n\n\n<figure><iframe loading=\"lazy\" src=\"https:\/\/d38ynedpfya4s8.cloudfront.net\/p\/282\/sp\/28200\/embedIframeJs\/uiconf_id\/23450462\/partner_id\/282?iframeembed=true&amp;playerId=kaltura_player&amp;entry_id=0_19bngjju&amp;flashvars[streamerType]=auto&amp;flashvars[localizationCode]=en&amp;flashvars[leadWithHTML5]=true&amp;flashvars[sideBarContainer.plugin]=true&amp;flashvars[sideBarContainer.position]=left&amp;flashvars[sideBarContainer.clickToClose]=true&amp;flashvars[chapters.plugin]=true&amp;flashvars[chapters.layout]=vertical&amp;flashvars[chapters.thumbnailRotator]=false&amp;flashvars[streamSelector.plugin]=true&amp;flashvars[EmbedPlayer.SpinnerTarget]=videoHolder&amp;flashvars[dualScreen.plugin]=true&amp;flashvars[Kaltura.addCrossoriginToIframe]=true&amp;&amp;wid=0_fdgf4hvy\" width=\"400\" height=\"285\" allowfullscreen=\"\"><\/iframe><\/figure>\n\n\n\n<p>S\u00e6lg ud &#8211; men ikke for meget<\/p>\n\n\n\n<figure><iframe loading=\"lazy\" src=\"https:\/\/d38ynedpfya4s8.cloudfront.net\/p\/282\/sp\/28200\/embedIframeJs\/uiconf_id\/23450462\/partner_id\/282?iframeembed=true&amp;playerId=kaltura_player&amp;entry_id=0_kbh40ths&amp;flashvars[streamerType]=auto&amp;flashvars[localizationCode]=en&amp;flashvars[leadWithHTML5]=true&amp;flashvars[sideBarContainer.plugin]=true&amp;flashvars[sideBarContainer.position]=left&amp;flashvars[sideBarContainer.clickToClose]=true&amp;flashvars[chapters.plugin]=true&amp;flashvars[chapters.layout]=vertical&amp;flashvars[chapters.thumbnailRotator]=false&amp;flashvars[streamSelector.plugin]=true&amp;flashvars[EmbedPlayer.SpinnerTarget]=videoHolder&amp;flashvars[dualScreen.plugin]=true&amp;flashvars[Kaltura.addCrossoriginToIframe]=true&amp;&amp;wid=0_ahinn5zs\" width=\"400\" height=\"285\" allowfullscreen=\"\"><\/iframe><\/figure>\n\n\n\n<p>Bootstrapping &#8211; brug din opsparing og dit team<\/p>\n\n\n\n<figure><iframe loading=\"lazy\" src=\"https:\/\/d38ynedpfya4s8.cloudfront.net\/p\/282\/sp\/28200\/embedIframeJs\/uiconf_id\/23450462\/partner_id\/282?iframeembed=true&amp;playerId=kaltura_player&amp;entry_id=0_8zty7q0l&amp;flashvars[streamerType]=auto&amp;flashvars[localizationCode]=en&amp;flashvars[leadWithHTML5]=true&amp;flashvars[sideBarContainer.plugin]=true&amp;flashvars[sideBarContainer.position]=left&amp;flashvars[sideBarContainer.clickToClose]=true&amp;flashvars[chapters.plugin]=true&amp;flashvars[chapters.layout]=vertical&amp;flashvars[chapters.thumbnailRotator]=false&amp;flashvars[streamSelector.plugin]=true&amp;flashvars[EmbedPlayer.SpinnerTarget]=videoHolder&amp;flashvars[dualScreen.plugin]=true&amp;flashvars[Kaltura.addCrossoriginToIframe]=true&amp;&amp;wid=0_g9b7cg0u\" width=\"400\" height=\"285\" allowfullscreen=\"\"><\/iframe><\/figure>\n\n\n\n<p>S\u00e5dan h\u00e5ndterer du investringer fra familie og venner<\/p>\n\n\n\n<figure><iframe loading=\"lazy\" src=\"https:\/\/d38ynedpfya4s8.cloudfront.net\/p\/282\/sp\/28200\/embedIframeJs\/uiconf_id\/23450462\/partner_id\/282?iframeembed=true&amp;playerId=kaltura_player&amp;entry_id=0_hfi1nt1g&amp;flashvars[streamerType]=auto&amp;flashvars[localizationCode]=en&amp;flashvars[leadWithHTML5]=true&amp;flashvars[sideBarContainer.plugin]=true&amp;flashvars[sideBarContainer.position]=left&amp;flashvars[sideBarContainer.clickToClose]=true&amp;flashvars[chapters.plugin]=true&amp;flashvars[chapters.layout]=vertical&amp;flashvars[chapters.thumbnailRotator]=false&amp;flashvars[streamSelector.plugin]=true&amp;flashvars[EmbedPlayer.SpinnerTarget]=videoHolder&amp;flashvars[dualScreen.plugin]=true&amp;flashvars[Kaltura.addCrossoriginToIframe]=true&amp;&amp;wid=0_ep11x10v\" width=\"400\" height=\"285\" allowfullscreen=\"\"><\/iframe><\/figure>\n\n\n\n<p>S\u00e5dan skaffer du offentlig financiering<\/p>\n\n\n\n<figure><iframe loading=\"lazy\" src=\"https:\/\/d38ynedpfya4s8.cloudfront.net\/p\/282\/sp\/28200\/embedIframeJs\/uiconf_id\/23450462\/partner_id\/282?iframeembed=true&amp;playerId=kaltura_player&amp;entry_id=0_a5b8k5vb&amp;flashvars[streamerType]=auto&amp;flashvars[localizationCode]=en&amp;flashvars[leadWithHTML5]=true&amp;flashvars[sideBarContainer.plugin]=true&amp;flashvars[sideBarContainer.position]=left&amp;flashvars[sideBarContainer.clickToClose]=true&amp;flashvars[chapters.plugin]=true&amp;flashvars[chapters.layout]=vertical&amp;flashvars[chapters.thumbnailRotator]=false&amp;flashvars[streamSelector.plugin]=true&amp;flashvars[EmbedPlayer.SpinnerTarget]=videoHolder&amp;flashvars[dualScreen.plugin]=true&amp;flashvars[Kaltura.addCrossoriginToIframe]=true&amp;&amp;wid=0_mat91hbl\" width=\"400\" height=\"285\" allowfullscreen=\"\"><\/iframe><\/figure>\n\n\n\n<p>Hvordan t\u00e6nker en &#8220;business angel&#8221;?<\/p>\n\n\n\n<figure><iframe loading=\"lazy\" src=\"https:\/\/d38ynedpfya4s8.cloudfront.net\/p\/282\/sp\/28200\/embedIframeJs\/uiconf_id\/23450462\/partner_id\/282?iframeembed=true&amp;playerId=kaltura_player&amp;entry_id=0_zuknpq6q&amp;flashvars[streamerType]=auto&amp;flashvars[localizationCode]=en&amp;flashvars[leadWithHTML5]=true&amp;flashvars[sideBarContainer.plugin]=true&amp;flashvars[sideBarContainer.position]=left&amp;flashvars[sideBarContainer.clickToClose]=true&amp;flashvars[chapters.plugin]=true&amp;flashvars[chapters.layout]=vertical&amp;flashvars[chapters.thumbnailRotator]=false&amp;flashvars[streamSelector.plugin]=true&amp;flashvars[EmbedPlayer.SpinnerTarget]=videoHolder&amp;flashvars[dualScreen.plugin]=true&amp;flashvars[Kaltura.addCrossoriginToIframe]=true&amp;&amp;wid=0_6k5hqhhb\" width=\"400\" height=\"285\" allowfullscreen=\"\"><\/iframe><\/figure>\n\n\n\n<p>S\u00e5dan skaffer du crowd funding<\/p>\n","protected":false},"excerpt":{"rendered":"<p>v. Thomas Bernhard Kj\u00e6rgaard Har du brug for funding &#8211; eller kan du undv\u00e6re den? S\u00e5dan beregner du din risk-reward profil Hvor og hvorn\u00e5r s\u00f8ger du financiering S\u00e6lg ud &#8211; men ikke for meget Bootstrapping &#8211; brug din opsparing og dit team S\u00e5dan h\u00e5ndterer du investringer fra familie og venner S\u00e5dan skaffer du offentlig financiering &hellip; <a href=\"https:\/\/ie.sdu.dk\/index.php\/videos-explaining-ie\/financing\/\" class=\"more-link\">Continue reading<span class=\"screen-reader-text\"> &#8220;Financing&#8221;<\/span><\/a><\/p>\n","protected":false},"author":2,"featured_media":0,"parent":201,"menu_order":0,"comment_status":"closed","ping_status":"closed","template":"","meta":{"footnotes":""},"class_list":["post-369","page","type-page","status-publish","hentry"],"_links":{"self":[{"href":"https:\/\/ie.sdu.dk\/index.php\/wp-json\/wp\/v2\/pages\/369","targetHints":{"allow":["GET"]}}],"collection":[{"href":"https:\/\/ie.sdu.dk\/index.php\/wp-json\/wp\/v2\/pages"}],"about":[{"href":"https:\/\/ie.sdu.dk\/index.php\/wp-json\/wp\/v2\/types\/page"}],"author":[{"embeddable":true,"href":"https:\/\/ie.sdu.dk\/index.php\/wp-json\/wp\/v2\/users\/2"}],"replies":[{"embeddable":true,"href":"https:\/\/ie.sdu.dk\/index.php\/wp-json\/wp\/v2\/comments?post=369"}],"version-history":[{"count":3,"href":"https:\/\/ie.sdu.dk\/index.php\/wp-json\/wp\/v2\/pages\/369\/revisions"}],"predecessor-version":[{"id":409,"href":"https:\/\/ie.sdu.dk\/index.php\/wp-json\/wp\/v2\/pages\/369\/revisions\/409"}],"up":[{"embeddable":true,"href":"https:\/\/ie.sdu.dk\/index.php\/wp-json\/wp\/v2\/pages\/201"}],"wp:attachment":[{"href":"https:\/\/ie.sdu.dk\/index.php\/wp-json\/wp\/v2\/media?parent=369"}],"curies":[{"name":"wp","href":"https:\/\/api.w.org\/{rel}","templated":true}]}}