{"id":331,"date":"2020-07-10T14:07:09","date_gmt":"2020-07-10T14:07:09","guid":{"rendered":"https:\/\/ie.sdu.dk\/?page_id=331"},"modified":"2021-01-15T14:02:48","modified_gmt":"2021-01-15T14:02:48","slug":"ideation","status":"publish","type":"page","link":"https:\/\/ie.sdu.dk\/index.php\/videos-explaining-ie\/ideation\/","title":{"rendered":"Ideation"},"content":{"rendered":"\n<h2 class=\"wp-block-heading\">Ideation<\/h2>\n\n\n\n<p>af Sidse Stausholm, <br><em>Sidse Stausholm er udviklingskonsulent i DR. Hun tilrettel\u00e6gger og faciliterer udviklingsprocesser ved hj\u00e6lp af design thinking, google design sprints og andre skr\u00e6ddersyede processer og arbejder systematisk med brugerinvolvering og brugerindsigter og underviser i konceptudvikling, facilitering, google design sprints, udvikling af indhold til streaming og streamingdramaturgi. Sidse har 15 \u00e5rs erfaring som facilitator af innovations- og udviklingsprocesser og 20 \u00e5rs erfaring som journalist og tilrettel\u00e6gger \u2013 prim\u00e6rt med at konceptudvikle og tilrettel\u00e6gge dokumentarfilm og reportageserier.<\/em><\/p>\n\n\n\n<p>Introduktion til id\u00e9udvikling<\/p>\n\n\n\n<iframe loading=\"lazy\" id=\"kaltura_player\" src=\"https:\/\/d38ynedpfya4s8.cloudfront.net\/p\/282\/sp\/28200\/embedIframeJs\/uiconf_id\/23450462\/partner_id\/282?iframeembed=true&amp;playerId=kaltura_player&amp;entry_id=0_a3ac1a0o&amp;flashvars[streamerType]=auto&amp;flashvars[localizationCode]=en&amp;flashvars[leadWithHTML5]=true&amp;flashvars[sideBarContainer.plugin]=true&amp;flashvars[sideBarContainer.position]=left&amp;flashvars[sideBarContainer.clickToClose]=true&amp;flashvars[chapters.plugin]=true&amp;flashvars[chapters.layout]=vertical&amp;flashvars[chapters.thumbnailRotator]=false&amp;flashvars[streamSelector.plugin]=true&amp;flashvars[EmbedPlayer.SpinnerTarget]=videoHolder&amp;flashvars[dualScreen.plugin]=true&amp;flashvars[Kaltura.addCrossoriginToIframe]=true&amp;&amp;wid=0_0vbazyoo\" allowfullscreen=\"\" webkitallowfullscreen=\"\" mozallowfullscreen=\"\" allow=\"autoplay *; fullscreen *; encrypted-media *\" sandbox=\"allow-forms allow-same-origin allow-scripts allow-top-navigation allow-pointer-lock allow-popups allow-modals allow-orientation-lock allow-popups-to-escape-sandbox allow-presentation allow-top-navigation-by-user-activation\" title=\"Kaltura Player\" width=\"400\" height=\"285\" frameborder=\"0\"><\/iframe>\n\n\n\n<p>Metode: Potentiale og sv\u00e6rhedsgrad<\/p>\n\n\n\n<iframe loading=\"lazy\" id=\"kaltura_player\" src=\"https:\/\/d38ynedpfya4s8.cloudfront.net\/p\/282\/sp\/28200\/embedIframeJs\/uiconf_id\/23450462\/partner_id\/282?iframeembed=true&amp;playerId=kaltura_player&amp;entry_id=0_nbxqrn7d&amp;flashvars[streamerType]=auto&amp;flashvars[localizationCode]=en&amp;flashvars[leadWithHTML5]=true&amp;flashvars[sideBarContainer.plugin]=true&amp;flashvars[sideBarContainer.position]=left&amp;flashvars[sideBarContainer.clickToClose]=true&amp;flashvars[chapters.plugin]=true&amp;flashvars[chapters.layout]=vertical&amp;flashvars[chapters.thumbnailRotator]=false&amp;flashvars[streamSelector.plugin]=true&amp;flashvars[EmbedPlayer.SpinnerTarget]=videoHolder&amp;flashvars[dualScreen.plugin]=true&amp;flashvars[Kaltura.addCrossoriginToIframe]=true&amp;&amp;wid=0_awrrgbsv\" allowfullscreen=\"\" webkitallowfullscreen=\"\" mozallowfullscreen=\"\" allow=\"autoplay *; fullscreen *; encrypted-media *\" sandbox=\"allow-forms allow-same-origin allow-scripts allow-top-navigation allow-pointer-lock allow-popups allow-modals allow-orientation-lock allow-popups-to-escape-sandbox allow-presentation allow-top-navigation-by-user-activation\" title=\"Kaltura Player\" width=\"400\" height=\"285\" frameborder=\"0\"><\/iframe>\n\n\n\n<p>S\u00e5dan kommer du videre med din id\u00e9<\/p>\n\n\n\n<iframe loading=\"lazy\" id=\"kaltura_player\" src=\"https:\/\/d38ynedpfya4s8.cloudfront.net\/p\/282\/sp\/28200\/embedIframeJs\/uiconf_id\/23450462\/partner_id\/282?iframeembed=true&amp;playerId=kaltura_player&amp;entry_id=0_1cwy2ep7&amp;flashvars[streamerType]=auto&amp;flashvars[localizationCode]=en&amp;flashvars[leadWithHTML5]=true&amp;flashvars[sideBarContainer.plugin]=true&amp;flashvars[sideBarContainer.position]=left&amp;flashvars[sideBarContainer.clickToClose]=true&amp;flashvars[chapters.plugin]=true&amp;flashvars[chapters.layout]=vertical&amp;flashvars[chapters.thumbnailRotator]=false&amp;flashvars[streamSelector.plugin]=true&amp;flashvars[EmbedPlayer.SpinnerTarget]=videoHolder&amp;flashvars[dualScreen.plugin]=true&amp;flashvars[Kaltura.addCrossoriginToIframe]=true&amp;&amp;wid=0_42yfl3av\" allowfullscreen=\"\" webkitallowfullscreen=\"\" mozallowfullscreen=\"\" allow=\"autoplay *; fullscreen *; encrypted-media *\" sandbox=\"allow-forms allow-same-origin allow-scripts allow-top-navigation allow-pointer-lock allow-popups allow-modals allow-orientation-lock allow-popups-to-escape-sandbox allow-presentation allow-top-navigation-by-user-activation\" title=\"Kaltura Player\" width=\"400\" height=\"285\" frameborder=\"0\"><\/iframe>\n\n\n\n<p>S\u00e5dan f\u00e5r du indsigt i dine brugere<\/p>\n\n\n\n<iframe loading=\"lazy\" id=\"kaltura_player\" src=\"https:\/\/d38ynedpfya4s8.cloudfront.net\/p\/282\/sp\/28200\/embedIframeJs\/uiconf_id\/23450462\/partner_id\/282?iframeembed=true&amp;playerId=kaltura_player&amp;entry_id=0_icqv757g&amp;flashvars[streamerType]=auto&amp;flashvars[localizationCode]=en&amp;flashvars[leadWithHTML5]=true&amp;flashvars[sideBarContainer.plugin]=true&amp;flashvars[sideBarContainer.position]=left&amp;flashvars[sideBarContainer.clickToClose]=true&amp;flashvars[chapters.plugin]=true&amp;flashvars[chapters.layout]=vertical&amp;flashvars[chapters.thumbnailRotator]=false&amp;flashvars[streamSelector.plugin]=true&amp;flashvars[EmbedPlayer.SpinnerTarget]=videoHolder&amp;flashvars[dualScreen.plugin]=true&amp;flashvars[Kaltura.addCrossoriginToIframe]=true&amp;&amp;wid=0_hp3lrn5t\" allowfullscreen=\"\" webkitallowfullscreen=\"\" mozallowfullscreen=\"\" allow=\"autoplay *; fullscreen *; encrypted-media *\" sandbox=\"allow-forms allow-same-origin allow-scripts allow-top-navigation allow-pointer-lock allow-popups allow-modals allow-orientation-lock allow-popups-to-escape-sandbox allow-presentation allow-top-navigation-by-user-activation\" title=\"Kaltura Player\" width=\"400\" height=\"285\" frameborder=\"0\"><\/iframe>\n\n\n\n<p>Metode: Id\u00e9udvikling i skema<\/p>\n\n\n\n<iframe loading=\"lazy\" id=\"kaltura_player\" src=\"https:\/\/d38ynedpfya4s8.cloudfront.net\/p\/282\/sp\/28200\/embedIframeJs\/uiconf_id\/23450462\/partner_id\/282?iframeembed=true&amp;playerId=kaltura_player&amp;entry_id=0_p1bviqip&amp;flashvars[streamerType]=auto&amp;flashvars[localizationCode]=en&amp;flashvars[leadWithHTML5]=true&amp;flashvars[sideBarContainer.plugin]=true&amp;flashvars[sideBarContainer.position]=left&amp;flashvars[sideBarContainer.clickToClose]=true&amp;flashvars[chapters.plugin]=true&amp;flashvars[chapters.layout]=vertical&amp;flashvars[chapters.thumbnailRotator]=false&amp;flashvars[streamSelector.plugin]=true&amp;flashvars[EmbedPlayer.SpinnerTarget]=videoHolder&amp;flashvars[dualScreen.plugin]=true&amp;flashvars[Kaltura.addCrossoriginToIframe]=true&amp;&amp;wid=0_7ztrojxv\" allowfullscreen=\"\" webkitallowfullscreen=\"\" mozallowfullscreen=\"\" allow=\"autoplay *; fullscreen *; encrypted-media *\" sandbox=\"allow-forms allow-same-origin allow-scripts allow-top-navigation allow-pointer-lock allow-popups allow-modals allow-orientation-lock allow-popups-to-escape-sandbox allow-presentation allow-top-navigation-by-user-activation\" title=\"Kaltura Player\" width=\"400\" height=\"285\" frameborder=\"0\"><\/iframe>\n\n\n\n<p>S\u00e5dan sorterer du dine id\u00e9er<\/p>\n\n\n\n<iframe loading=\"lazy\" id=\"kaltura_player\" src=\"https:\/\/d38ynedpfya4s8.cloudfront.net\/p\/282\/sp\/28200\/embedIframeJs\/uiconf_id\/23450462\/partner_id\/282?iframeembed=true&amp;playerId=kaltura_player&amp;entry_id=0_rphdai5u&amp;flashvars[streamerType]=auto&amp;flashvars[localizationCode]=en&amp;flashvars[leadWithHTML5]=true&amp;flashvars[sideBarContainer.plugin]=true&amp;flashvars[sideBarContainer.position]=left&amp;flashvars[sideBarContainer.clickToClose]=true&amp;flashvars[chapters.plugin]=true&amp;flashvars[chapters.layout]=vertical&amp;flashvars[chapters.thumbnailRotator]=false&amp;flashvars[streamSelector.plugin]=true&amp;flashvars[EmbedPlayer.SpinnerTarget]=videoHolder&amp;flashvars[dualScreen.plugin]=true&amp;flashvars[Kaltura.addCrossoriginToIframe]=true&amp;&amp;wid=0_0c4bts49\" allowfullscreen=\"\" webkitallowfullscreen=\"\" mozallowfullscreen=\"\" allow=\"autoplay *; fullscreen *; encrypted-media *\" sandbox=\"allow-forms allow-same-origin allow-scripts allow-top-navigation allow-pointer-lock allow-popups allow-modals allow-orientation-lock allow-popups-to-escape-sandbox allow-presentation allow-top-navigation-by-user-activation\" title=\"Kaltura Player\" width=\"400\" height=\"285\" frameborder=\"0\"><\/iframe>\n\n\n\n<p>Metode: Draw<\/p>\n\n\n\n<iframe loading=\"lazy\" id=\"kaltura_player\" src=\"https:\/\/d38ynedpfya4s8.cloudfront.net\/p\/282\/sp\/28200\/embedIframeJs\/uiconf_id\/23450462\/partner_id\/282?iframeembed=true&amp;playerId=kaltura_player&amp;entry_id=0_h3w7bdcb&amp;flashvars[streamerType]=auto&amp;flashvars[localizationCode]=en&amp;flashvars[leadWithHTML5]=true&amp;flashvars[sideBarContainer.plugin]=true&amp;flashvars[sideBarContainer.position]=left&amp;flashvars[sideBarContainer.clickToClose]=true&amp;flashvars[chapters.plugin]=true&amp;flashvars[chapters.layout]=vertical&amp;flashvars[chapters.thumbnailRotator]=false&amp;flashvars[streamSelector.plugin]=true&amp;flashvars[EmbedPlayer.SpinnerTarget]=videoHolder&amp;flashvars[dualScreen.plugin]=true&amp;flashvars[Kaltura.addCrossoriginToIframe]=true&amp;&amp;wid=0_64c28kxw\" allowfullscreen=\"\" webkitallowfullscreen=\"\" mozallowfullscreen=\"\" allow=\"autoplay *; fullscreen *; encrypted-media *\" sandbox=\"allow-forms allow-same-origin allow-scripts allow-top-navigation allow-pointer-lock allow-popups allow-modals allow-orientation-lock allow-popups-to-escape-sandbox allow-presentation allow-top-navigation-by-user-activation\" title=\"Kaltura Player\" width=\"400\" height=\"285\" frameborder=\"0\"><\/iframe>\n\n\n\n<p>Rammes\u00e6tning af id\u00e9udvikling<\/p>\n\n\n\n<iframe loading=\"lazy\" id=\"kaltura_player\" src=\"https:\/\/d38ynedpfya4s8.cloudfront.net\/p\/282\/sp\/28200\/embedIframeJs\/uiconf_id\/23450462\/partner_id\/282?iframeembed=true&amp;playerId=kaltura_player&amp;entry_id=0_8ucw37mp&amp;flashvars[streamerType]=auto&amp;flashvars[localizationCode]=en&amp;flashvars[leadWithHTML5]=true&amp;flashvars[sideBarContainer.plugin]=true&amp;flashvars[sideBarContainer.position]=left&amp;flashvars[sideBarContainer.clickToClose]=true&amp;flashvars[chapters.plugin]=true&amp;flashvars[chapters.layout]=vertical&amp;flashvars[chapters.thumbnailRotator]=false&amp;flashvars[streamSelector.plugin]=true&amp;flashvars[EmbedPlayer.SpinnerTarget]=videoHolder&amp;flashvars[dualScreen.plugin]=true&amp;flashvars[Kaltura.addCrossoriginToIframe]=true&amp;&amp;wid=0_gp3zt4xo\" allowfullscreen=\"\" webkitallowfullscreen=\"\" mozallowfullscreen=\"\" allow=\"autoplay *; fullscreen *; encrypted-media *\" sandbox=\"allow-forms allow-same-origin allow-scripts allow-top-navigation allow-pointer-lock allow-popups allow-modals allow-orientation-lock allow-popups-to-escape-sandbox allow-presentation allow-top-navigation-by-user-activation\" title=\"Kaltura Player\" width=\"400\" height=\"285\" frameborder=\"0\"><\/iframe>\n\n\n\n<p>Clustering<\/p>\n\n\n\n<iframe loading=\"lazy\" id=\"kaltura_player\" src=\"https:\/\/d38ynedpfya4s8.cloudfront.net\/p\/282\/sp\/28200\/embedIframeJs\/uiconf_id\/23450462\/partner_id\/282?iframeembed=true&amp;playerId=kaltura_player&amp;entry_id=0_7fikb1aj&amp;flashvars[streamerType]=auto&amp;flashvars[localizationCode]=en&amp;flashvars[leadWithHTML5]=true&amp;flashvars[sideBarContainer.plugin]=true&amp;flashvars[sideBarContainer.position]=left&amp;flashvars[sideBarContainer.clickToClose]=true&amp;flashvars[chapters.plugin]=true&amp;flashvars[chapters.layout]=vertical&amp;flashvars[chapters.thumbnailRotator]=false&amp;flashvars[streamSelector.plugin]=true&amp;flashvars[EmbedPlayer.SpinnerTarget]=videoHolder&amp;flashvars[dualScreen.plugin]=true&amp;flashvars[Kaltura.addCrossoriginToIframe]=true&amp;&amp;wid=0_0e19a5be\" allowfullscreen=\"\" webkitallowfullscreen=\"\" mozallowfullscreen=\"\" allow=\"autoplay *; fullscreen *; encrypted-media *\" sandbox=\"allow-forms allow-same-origin allow-scripts allow-top-navigation allow-pointer-lock allow-popups allow-modals allow-orientation-lock allow-popups-to-escape-sandbox allow-presentation allow-top-navigation-by-user-activation\" title=\"Kaltura Player\" width=\"400\" height=\"285\" frameborder=\"0\"><\/iframe>\n\n\n\n<p>Metode: Scamper<\/p>\n\n\n\n<iframe loading=\"lazy\" id=\"kaltura_player\" src=\"https:\/\/d38ynedpfya4s8.cloudfront.net\/p\/282\/sp\/28200\/embedIframeJs\/uiconf_id\/23450462\/partner_id\/282?iframeembed=true&amp;playerId=kaltura_player&amp;entry_id=0_veqpxfgv&amp;flashvars[streamerType]=auto&amp;flashvars[localizationCode]=en&amp;flashvars[leadWithHTML5]=true&amp;flashvars[sideBarContainer.plugin]=true&amp;flashvars[sideBarContainer.position]=left&amp;flashvars[sideBarContainer.clickToClose]=true&amp;flashvars[chapters.plugin]=true&amp;flashvars[chapters.layout]=vertical&amp;flashvars[chapters.thumbnailRotator]=false&amp;flashvars[streamSelector.plugin]=true&amp;flashvars[EmbedPlayer.SpinnerTarget]=videoHolder&amp;flashvars[dualScreen.plugin]=true&amp;flashvars[Kaltura.addCrossoriginToIframe]=true&amp;&amp;wid=0_pa1h0unr\" allowfullscreen=\"\" webkitallowfullscreen=\"\" mozallowfullscreen=\"\" allow=\"autoplay *; fullscreen *; encrypted-media *\" sandbox=\"allow-forms allow-same-origin allow-scripts allow-top-navigation allow-pointer-lock allow-popups allow-modals allow-orientation-lock allow-popups-to-escape-sandbox allow-presentation allow-top-navigation-by-user-activation\" title=\"Kaltura Player\" width=\"400\" height=\"285\" frameborder=\"0\"><\/iframe>\n\n\n\n<p>Metode: Brainstorm<\/p>\n\n\n\n<iframe loading=\"lazy\" id=\"kaltura_player\" src=\"https:\/\/d38ynedpfya4s8.cloudfront.net\/p\/282\/sp\/28200\/embedIframeJs\/uiconf_id\/23450462\/partner_id\/282?iframeembed=true&amp;playerId=kaltura_player&amp;entry_id=0_yczoev6w&amp;flashvars[streamerType]=auto&amp;flashvars[localizationCode]=en&amp;flashvars[leadWithHTML5]=true&amp;flashvars[sideBarContainer.plugin]=true&amp;flashvars[sideBarContainer.position]=left&amp;flashvars[sideBarContainer.clickToClose]=true&amp;flashvars[chapters.plugin]=true&amp;flashvars[chapters.layout]=vertical&amp;flashvars[chapters.thumbnailRotator]=false&amp;flashvars[streamSelector.plugin]=true&amp;flashvars[EmbedPlayer.SpinnerTarget]=videoHolder&amp;flashvars[dualScreen.plugin]=true&amp;flashvars[Kaltura.addCrossoriginToIframe]=true&amp;&amp;wid=0_5rlh0y0o\" allowfullscreen=\"\" webkitallowfullscreen=\"\" mozallowfullscreen=\"\" allow=\"autoplay *; fullscreen *; encrypted-media *\" sandbox=\"allow-forms allow-same-origin allow-scripts allow-top-navigation allow-pointer-lock allow-popups allow-modals allow-orientation-lock allow-popups-to-escape-sandbox allow-presentation allow-top-navigation-by-user-activation\" title=\"Kaltura Player\" width=\"400\" height=\"285\" frameborder=\"0\"><\/iframe>\n\n\n\n<p><\/p>\n","protected":false},"excerpt":{"rendered":"<p>Ideation af Sidse Stausholm, Sidse Stausholm er udviklingskonsulent i DR. Hun tilrettel\u00e6gger og faciliterer udviklingsprocesser ved hj\u00e6lp af design thinking, google design sprints og andre skr\u00e6ddersyede processer og arbejder systematisk med brugerinvolvering og brugerindsigter og underviser i konceptudvikling, facilitering, google design sprints, udvikling af indhold til streaming og streamingdramaturgi. Sidse har 15 \u00e5rs erfaring som &hellip; <a href=\"https:\/\/ie.sdu.dk\/index.php\/videos-explaining-ie\/ideation\/\" class=\"more-link\">Continue reading<span class=\"screen-reader-text\"> &#8220;Ideation&#8221;<\/span><\/a><\/p>\n","protected":false},"author":2,"featured_media":0,"parent":201,"menu_order":0,"comment_status":"closed","ping_status":"closed","template":"","meta":{"footnotes":""},"class_list":["post-331","page","type-page","status-publish","hentry"],"_links":{"self":[{"href":"https:\/\/ie.sdu.dk\/index.php\/wp-json\/wp\/v2\/pages\/331","targetHints":{"allow":["GET"]}}],"collection":[{"href":"https:\/\/ie.sdu.dk\/index.php\/wp-json\/wp\/v2\/pages"}],"about":[{"href":"https:\/\/ie.sdu.dk\/index.php\/wp-json\/wp\/v2\/types\/page"}],"author":[{"embeddable":true,"href":"https:\/\/ie.sdu.dk\/index.php\/wp-json\/wp\/v2\/users\/2"}],"replies":[{"embeddable":true,"href":"https:\/\/ie.sdu.dk\/index.php\/wp-json\/wp\/v2\/comments?post=331"}],"version-history":[{"count":8,"href":"https:\/\/ie.sdu.dk\/index.php\/wp-json\/wp\/v2\/pages\/331\/revisions"}],"predecessor-version":[{"id":726,"href":"https:\/\/ie.sdu.dk\/index.php\/wp-json\/wp\/v2\/pages\/331\/revisions\/726"}],"up":[{"embeddable":true,"href":"https:\/\/ie.sdu.dk\/index.php\/wp-json\/wp\/v2\/pages\/201"}],"wp:attachment":[{"href":"https:\/\/ie.sdu.dk\/index.php\/wp-json\/wp\/v2\/media?parent=331"}],"curies":[{"name":"wp","href":"https:\/\/api.w.org\/{rel}","templated":true}]}}