{"id":100,"date":"2020-06-23T12:30:13","date_gmt":"2020-06-23T12:30:13","guid":{"rendered":"https:\/\/ie.sdu.dk\/?page_id=100"},"modified":"2021-03-15T11:21:58","modified_gmt":"2021-03-15T11:21:58","slug":"activities","status":"publish","type":"page","link":"https:\/\/ie.sdu.dk\/index.php\/activities\/","title":{"rendered":"Activities"},"content":{"rendered":"\n<h2 class=\"wp-block-heading\">Hackathon 11\/12 May 2021<\/h2>\n\n\n\n<p><strong><em><span style=\"color:#f71c11\" class=\"has-inline-color\">Your shortcut to good Innovation &amp; Entrepreneurship teaching<\/span><\/em><\/strong><br>Get your own set of tools and knowledge for teaching I&amp;E. <br>YOU CAN HACK ALMOST EVERYTHING. Here you will not hack technology but you will hack I&amp;E-courses at SDU. <span style=\"color:#ff1100\" class=\"has-inline-color\"><strong>Just go for it.<\/strong><\/span><br>Primary target group: SDU researchers, lecturers and heads of studies. TAP and students are welcome too.<br>You will be guided by experienced I&amp;E teachers and SDU consultants<br>Enrollment link: <a href=\"https:\/\/www.conferencemanager.dk\/hackaton-e20\">https:\/\/www.conferencemanager.dk\/hackaton-e20<\/a><br><a rel=\"noreferrer noopener\" href=\"http:\/\/ffe-blog.dk\/sdu-spaender-efteruddannelsesbuen-paa-innovations-entreprenoerskabsomraadet\/\" target=\"_blank\">Read more<\/a> about the Hachathon<br><a rel=\"noreferrer noopener\" href=\"https:\/\/youtu.be\/nJayxClYQGI\" target=\"_blank\">Video<\/a>: What is a hackathon <\/p>\n\n\n\n<h2 class=\"wp-block-heading\"><strong>ITs21 5<sup>th<\/sup> conference on interdisciplinary teamwork skills<\/strong><\/h2>\n\n\n\n<p>Fristen er for indsendelse af abstract til konferencen ITS 21 2021 er blevet forl\u00e6nget og ny deadline er <strong>fredag den 26. marts 2021.<\/strong><\/p>\n\n\n\n<p>L\u00e6s mere om konferencen her<strong>: <\/strong><a rel=\"noreferrer noopener\" href=\"https:\/\/eur03.safelinks.protection.outlook.com\/?url=https%3A%2F%2Fwww.tilmeld.dk%2Fits21dtu2021&amp;data=04%7C01%7Ccnorgaard%40sdu.dk%7Ca832e66d78234d1c4ce508d8e554df9c%7C9a97c27db83e4694b35354bdbf18ab5b%7C0%7C0%7C637511499997591397%7CUnknown%7CTWFpbGZsb3d8eyJWIjoiMC4wLjAwMDAiLCJQIjoiV2luMzIiLCJBTiI6Ik1haWwiLCJXVCI6Mn0%3D%7C1000&amp;sdata=NImvOKjnA2%2FaRR3mrACt%2B6hC3QK33VwI4mmAPluZQk4%3D&amp;reserved=0\" target=\"_blank\">https:\/\/www.tilmeld.dk\/its21dtu2021<\/a><\/p>\n\n\n\n<h2 class=\"wp-block-heading\">TAL, Nov 3rd, 2020<\/h2>\n\n\n\n<p>Tuesday 3rd November 2020 kl. 9-16, online via Zoom. The general theme for this conference is Teaching for Active<br>Learning<br>The conference will look forward to receiving YOUR abstract on active teaching and learning in innovation and entrepreneurship teaching. <br><a rel=\"noreferrer noopener\" href=\"https:\/\/www.sdu.dk\/da\/tal2020\" target=\"_blank\">link to conference home page<\/a>  <\/p>\n\n\n\n<h2 class=\"wp-block-heading\">Webinar i UNIEN 28. august kl. 9 &#8211; 12<\/h2>\n\n\n\n<p><a href=\"https:\/\/dun-net.dk\/sigs-special-interest-groups\/unien-universiteternes-innovations-og-entreprenoerskabspaedagogiske-netvaerk\/aktiviteter\/\" target=\"_blank\" rel=\"noreferrer noopener\">Program<\/a><br>Tilmelding &#8211; skriv til <strong>cnorgaard@sdu.dk<\/strong><br><a rel=\"noreferrer noopener\" href=\"https:\/\/dun-net.dk\/sigs-special-interest-groups\/unien-universiteternes-innovations-og-entreprenoerskabspaedagogiske-netvaerk\/\" target=\"_blank\"><strong>UNIEN<\/strong> er universiteternes innovations- og entrepren\u00f8rskabsp\u00e6dagogiske netv\u00e6rk.<\/a><\/p>\n\n\n\n<h2 class=\"wp-block-heading\">Past events<\/h2>\n\n\n\n<p>Over the last 4 semesters the network has met regularly to share knowledge, research and informations regarding perspectives on teaching innovation and entrepreneurship at SDU. Always with teachers&#8217; and \/ or students inputs and sometimes with contributions from external capacities as well<\/p>\n\n\n\n<h2 class=\"wp-block-heading\">Other recommendations<\/h2>\n\n\n\n<p>Jean Liedtka runs a free online course on coursera: <a rel=\"noreferrer noopener\" href=\"https:\/\/www.coursera.org\/learn\/uva-darden-design-thinking-social-sector\" target=\"_blank\">design thinking for the greater good<\/a> <\/p>\n","protected":false},"excerpt":{"rendered":"<p>Hackathon 11\/12 May 2021 Your shortcut to good Innovation &amp; Entrepreneurship teachingGet your own set of tools and knowledge for teaching I&amp;E. YOU CAN HACK ALMOST EVERYTHING. Here you will not hack technology but you will hack I&amp;E-courses at SDU. Just go for it.Primary target group: SDU researchers, lecturers and heads of studies. TAP and &hellip; <a href=\"https:\/\/ie.sdu.dk\/index.php\/activities\/\" class=\"more-link\">Continue reading<span class=\"screen-reader-text\"> &#8220;Activities&#8221;<\/span><\/a><\/p>\n","protected":false},"author":2,"featured_media":0,"parent":0,"menu_order":0,"comment_status":"closed","ping_status":"closed","template":"","meta":{"footnotes":""},"class_list":["post-100","page","type-page","status-publish","hentry"],"_links":{"self":[{"href":"https:\/\/ie.sdu.dk\/index.php\/wp-json\/wp\/v2\/pages\/100","targetHints":{"allow":["GET"]}}],"collection":[{"href":"https:\/\/ie.sdu.dk\/index.php\/wp-json\/wp\/v2\/pages"}],"about":[{"href":"https:\/\/ie.sdu.dk\/index.php\/wp-json\/wp\/v2\/types\/page"}],"author":[{"embeddable":true,"href":"https:\/\/ie.sdu.dk\/index.php\/wp-json\/wp\/v2\/users\/2"}],"replies":[{"embeddable":true,"href":"https:\/\/ie.sdu.dk\/index.php\/wp-json\/wp\/v2\/comments?post=100"}],"version-history":[{"count":29,"href":"https:\/\/ie.sdu.dk\/index.php\/wp-json\/wp\/v2\/pages\/100\/revisions"}],"predecessor-version":[{"id":739,"href":"https:\/\/ie.sdu.dk\/index.php\/wp-json\/wp\/v2\/pages\/100\/revisions\/739"}],"wp:attachment":[{"href":"https:\/\/ie.sdu.dk\/index.php\/wp-json\/wp\/v2\/media?parent=100"}],"curies":[{"name":"wp","href":"https:\/\/api.w.org\/{rel}","templated":true}]}}